{"id":9,"date":"2021-07-12T12:58:10","date_gmt":"2021-07-12T10:58:10","guid":{"rendered":"https:\/\/woodattic.com\/?page_id=9"},"modified":"2021-07-12T13:28:21","modified_gmt":"2021-07-12T11:28:21","slug":"abonnement-fleurs","status":"publish","type":"page","link":"https:\/\/woodattic.com\/index.php\/abonnement-fleurs\/","title":{"rendered":"Professionnels"},"content":{"rendered":"\n<div class=\"wp-block-image\"><figure class=\"aligncenter size-large\"><img loading=\"lazy\" width=\"377\" height=\"311\" src=\"https:\/\/woodattic.com\/wp-content\/uploads\/2021\/07\/Composition-orthensia-et-orchidee-e1510046575695.jpg\" alt=\"\" class=\"wp-image-128\" srcset=\"https:\/\/woodattic.com\/wp-content\/uploads\/2021\/07\/Composition-orthensia-et-orchidee-e1510046575695.jpg 377w, https:\/\/woodattic.com\/wp-content\/uploads\/2021\/07\/Composition-orthensia-et-orchidee-e1510046575695-300x247.jpg 300w, https:\/\/woodattic.com\/wp-content\/uploads\/2021\/07\/Composition-orthensia-et-orchidee-e1510046575695-364x300.jpg 364w\" sizes=\"(max-width: 377px) 100vw, 377px\" \/><\/figure><\/div>\n\n\n\n<p>Wood Attic fleurit vos accueils, bureau et espace d&rsquo;attente. Sous forme d\u2019abonnement ou \u00e0 la carte, contactez nous afin que nous \u00e9tudions ensemble la formule qui vous convient.<\/p>\n\n\n\n<p>Pour vos s\u00e9minaires d&rsquo;entreprise, accueil, bureau, hall d&rsquo;entr\u00e9e, espace d\u00e9tente, nous vous proposons un large choix de compositions de plantes et de bouquets de fleurs de saison. Nous mettons gratuitement \u00e0 votre disposition le contenant adapt\u00e9 et en ad\u00e9quation avec votre univers.<\/p>\n\n\n\n<p>Un anniversaire, une naissance, un d\u00e9part en retraite,<a href=\"https:\/\/woodattic.com\/contact\/\">&nbsp;consultez nous<\/a>, nous livrons \u00e9galement \u00e0 domicile.<\/p>\n","protected":false},"excerpt":{"rendered":"<p>Wood Attic fleurit vos accueils, bureau et espace d&rsquo;attente. Sous forme d\u2019abonnement ou \u00e0 la carte, contactez nous afin que nous \u00e9tudions ensemble la formule qui vous convient. Pour vos s\u00e9minaires d&rsquo;entreprise, accueil, bureau, hall d&rsquo;entr\u00e9e, espace d\u00e9tente, nous vous proposons un large choix de compositions de plantes et de &hellip;<\/p>\n","protected":false},"author":1,"featured_media":0,"parent":0,"menu_order":0,"comment_status":"closed","ping_status":"closed","template":"","meta":[],"uagb_featured_image_src":{"full":false,"thumbnail":false,"medium":false,"medium_large":false,"large":false,"1536x1536":false,"2048x2048":false,"post-thumbnail":false,"roseta-featured":false,"roseta-featured-lp":false,"roseta-featured-half":false,"roseta-featured-third":false,"roseta-lpbox-1":false,"roseta-lpbox-2":false},"uagb_author_info":{"display_name":"admin8109","author_link":"https:\/\/woodattic.com\/index.php\/author\/admin8109\/"},"uagb_comment_info":0,"uagb_excerpt":"Wood Attic fleurit vos accueils, bureau et espace d&rsquo;attente. Sous forme d\u2019abonnement ou \u00e0 la carte, contactez nous afin que nous \u00e9tudions ensemble la formule qui vous convient. Pour vos s\u00e9minaires d&rsquo;entreprise, accueil, bureau, hall d&rsquo;entr\u00e9e, espace d\u00e9tente, nous vous proposons un large choix de compositions de plantes et de &hellip;","_links":{"self":[{"href":"https:\/\/woodattic.com\/index.php\/wp-json\/wp\/v2\/pages\/9"}],"collection":[{"href":"https:\/\/woodattic.com\/index.php\/wp-json\/wp\/v2\/pages"}],"about":[{"href":"https:\/\/woodattic.com\/index.php\/wp-json\/wp\/v2\/types\/page"}],"author":[{"embeddable":true,"href":"https:\/\/woodattic.com\/index.php\/wp-json\/wp\/v2\/users\/1"}],"replies":[{"embeddable":true,"href":"https:\/\/woodattic.com\/index.php\/wp-json\/wp\/v2\/comments?post=9"}],"version-history":[{"count":2,"href":"https:\/\/woodattic.com\/index.php\/wp-json\/wp\/v2\/pages\/9\/revisions"}],"predecessor-version":[{"id":340,"href":"https:\/\/woodattic.com\/index.php\/wp-json\/wp\/v2\/pages\/9\/revisions\/340"}],"wp:attachment":[{"href":"https:\/\/woodattic.com\/index.php\/wp-json\/wp\/v2\/media?parent=9"}],"curies":[{"name":"wp","href":"https:\/\/api.w.org\/{rel}","templated":true}]}}