{"id":7,"date":"2021-07-12T12:57:29","date_gmt":"2021-07-12T10:57:29","guid":{"rendered":"https:\/\/woodattic.com\/?page_id=7"},"modified":"2021-11-19T11:17:27","modified_gmt":"2021-11-19T10:17:27","slug":"mariage","status":"publish","type":"page","link":"https:\/\/woodattic.com\/index.php\/mariage\/","title":{"rendered":"Mariage"},"content":{"rendered":"\n\t\t\t<div class=\"uagb-post-grid  uagb-post__image-position-background uagb-block-4ef5cf57   \" data-total=\"1\">\n\n\t\t\t\t<div class=\"uagb-post__items uagb-post__columns-3 is-grid uagb-post__columns-tablet-2 uagb-post__columns-mobile-1 uagb-post__equal-height\">\n\n\t\t\t\t\t\t\t\t<article >\n\t\t\t\t\t\t\t\t\t\t<div class=\"uagb-post__inner-wrap\">\n\t\t\t\t\t\t\t\t\t\t\t\t\t\t\t<div class='uagb-post__image'>\n\t\t\t\t<a href=\"https:\/\/woodattic.com\/index.php\/2021\/11\/20\/mariage-de-emeline-david\/\" target=\"_self\" rel=\"bookmark noopener noreferrer\"><img width=\"532\" height=\"300\" src=\"https:\/\/woodattic.com\/wp-content\/uploads\/2021\/11\/Portrait-recadre-bouquet-532x300.jpg\" class=\"attachment-roseta-featured-half size-roseta-featured-half\" alt=\"hiver\" loading=\"lazy\" \/>\t\t\t\t<\/a>\n\t\t\t<\/div>\n\t\t\t\t\t\t<div class='uagb-post__text'> \n\t\t\t\t<h5 class=\"uagb-post__title\">\n\t\t\t\t\t<a href=\"https:\/\/woodattic.com\/index.php\/2021\/11\/20\/mariage-de-emeline-david\/\" target=\"_self\" rel=\"bookmark noopener noreferrer\">Mariage de Emeline &#038; David<\/a>\n\t\t\t\t<\/h5>\n\t\t\t<\/div>\n\t\t\t\t\t\t<div class='uagb-post__text'> \n\t\t\t<div class=\"uagb-post-grid-byline\">\n\t\t\t\t\t\t\t<\/div>\n\t\t\t<\/div>\n\t\t\t\t\t\t\t\t<\/div>\n\t\t\t\t\t\t\t\t\t<\/article>\n\t\t\t\t\t\t\t\t<article >\n\t\t\t\t\t\t\t\t\t\t<div class=\"uagb-post__inner-wrap\">\n\t\t\t\t\t\t\t\t\t\t\t\t\t\t\t<div class='uagb-post__image'>\n\t\t\t\t<a href=\"https:\/\/woodattic.com\/index.php\/2021\/11\/19\/mariage-de-rym-arnaud\/\" target=\"_self\" rel=\"bookmark noopener noreferrer\"><img width=\"800\" height=\"300\" src=\"https:\/\/woodattic.com\/wp-content\/uploads\/2021\/11\/La-bande-800x300.jpg\" class=\"attachment-roseta-featured-half size-roseta-featured-half\" alt=\"la bande des jeunes\" loading=\"lazy\" \/>\t\t\t\t<\/a>\n\t\t\t<\/div>\n\t\t\t\t\t\t<div class='uagb-post__text'> \n\t\t\t\t<h5 class=\"uagb-post__title\">\n\t\t\t\t\t<a href=\"https:\/\/woodattic.com\/index.php\/2021\/11\/19\/mariage-de-rym-arnaud\/\" target=\"_self\" rel=\"bookmark noopener noreferrer\">Mariage de Rym &#038; Arnaud<\/a>\n\t\t\t\t<\/h5>\n\t\t\t<\/div>\n\t\t\t\t\t\t<div class='uagb-post__text'> \n\t\t\t<div class=\"uagb-post-grid-byline\">\n\t\t\t\t\t\t\t<\/div>\n\t\t\t<\/div>\n\t\t\t\t\t\t\t\t<\/div>\n\t\t\t\t\t\t\t\t\t<\/article>\n\t\t\t\t\t\t\t\t<article >\n\t\t\t\t\t\t\t\t\t\t<div class=\"uagb-post__inner-wrap\">\n\t\t\t\t\t\t\t\t\t\t\t\t\t\t\t<div class='uagb-post__image'>\n\t\t\t\t<a href=\"https:\/\/woodattic.com\/index.php\/2021\/11\/19\/mariage-de-marie-nicolas\/\" target=\"_self\" rel=\"bookmark noopener noreferrer\"><img width=\"800\" height=\"300\" src=\"https:\/\/woodattic.com\/wp-content\/uploads\/2021\/11\/Le-Bouquet-3-800x300.jpg\" class=\"attachment-roseta-featured-half size-roseta-featured-half\" alt=\"caisse en bois\" loading=\"lazy\" \/>\t\t\t\t<\/a>\n\t\t\t<\/div>\n\t\t\t\t\t\t<div class='uagb-post__text'> \n\t\t\t\t<h5 class=\"uagb-post__title\">\n\t\t\t\t\t<a href=\"https:\/\/woodattic.com\/index.php\/2021\/11\/19\/mariage-de-marie-nicolas\/\" target=\"_self\" rel=\"bookmark noopener noreferrer\">Mariage de Marie &#038; Nicolas<\/a>\n\t\t\t\t<\/h5>\n\t\t\t<\/div>\n\t\t\t\t\t\t<div class='uagb-post__text'> \n\t\t\t<div class=\"uagb-post-grid-byline\">\n\t\t\t\t\t\t\t<\/div>\n\t\t\t<\/div>\n\t\t\t\t\t\t\t\t<\/div>\n\t\t\t\t\t\t\t\t\t<\/article>\n\t\t\t\t\t\t\t\t<article >\n\t\t\t\t\t\t\t\t\t\t<div class=\"uagb-post__inner-wrap\">\n\t\t\t\t\t\t\t\t\t\t\t\t\t\t\t<div class='uagb-post__image'>\n\t\t\t\t<a href=\"https:\/\/woodattic.com\/index.php\/2021\/11\/08\/mariage-de-cindie-maxime\/\" target=\"_self\" rel=\"bookmark noopener noreferrer\"><img width=\"800\" height=\"300\" src=\"https:\/\/woodattic.com\/wp-content\/uploads\/2021\/11\/Le-bouquet-2-800x300.jpg\" class=\"attachment-roseta-featured-half size-roseta-featured-half\" alt=\"olivier\" loading=\"lazy\" \/>\t\t\t\t<\/a>\n\t\t\t<\/div>\n\t\t\t\t\t\t<div class='uagb-post__text'> \n\t\t\t\t<h5 class=\"uagb-post__title\">\n\t\t\t\t\t<a href=\"https:\/\/woodattic.com\/index.php\/2021\/11\/08\/mariage-de-cindie-maxime\/\" target=\"_self\" rel=\"bookmark noopener noreferrer\">Mariage de Cindie &#038; Maxime<\/a>\n\t\t\t\t<\/h5>\n\t\t\t<\/div>\n\t\t\t\t\t\t<div class='uagb-post__text'> \n\t\t\t<div class=\"uagb-post-grid-byline\">\n\t\t\t\t\t\t\t<\/div>\n\t\t\t<\/div>\n\t\t\t\t\t\t\t\t<\/div>\n\t\t\t\t\t\t\t\t\t<\/article>\n\t\t\t\t\t\t\t\t<article >\n\t\t\t\t\t\t\t\t\t\t<div class=\"uagb-post__inner-wrap\">\n\t\t\t\t\t\t\t\t\t\t\t\t\t\t\t<div class='uagb-post__image'>\n\t\t\t\t<a href=\"https:\/\/woodattic.com\/index.php\/2021\/11\/08\/mariage-de-tracy-alexis\/\" target=\"_self\" rel=\"bookmark noopener noreferrer\"><img width=\"800\" height=\"300\" src=\"https:\/\/woodattic.com\/wp-content\/uploads\/2021\/11\/la-composition-800x300.jpg\" class=\"attachment-roseta-featured-half size-roseta-featured-half\" alt=\"exotique\" loading=\"lazy\" \/>\t\t\t\t<\/a>\n\t\t\t<\/div>\n\t\t\t\t\t\t<div class='uagb-post__text'> \n\t\t\t\t<h5 class=\"uagb-post__title\">\n\t\t\t\t\t<a href=\"https:\/\/woodattic.com\/index.php\/2021\/11\/08\/mariage-de-tracy-alexis\/\" target=\"_self\" rel=\"bookmark noopener noreferrer\">Mariage de Tracy &#038; Alexis<\/a>\n\t\t\t\t<\/h5>\n\t\t\t<\/div>\n\t\t\t\t\t\t<div class='uagb-post__text'> \n\t\t\t<div class=\"uagb-post-grid-byline\">\n\t\t\t\t\t\t\t<\/div>\n\t\t\t<\/div>\n\t\t\t\t\t\t\t\t<\/div>\n\t\t\t\t\t\t\t\t\t<\/article>\n\t\t\t\t\t\t\t\t<article >\n\t\t\t\t\t\t\t\t\t\t<div class=\"uagb-post__inner-wrap\">\n\t\t\t\t\t\t\t\t\t\t\t\t\t\t\t<div class='uagb-post__image'>\n\t\t\t\t<a href=\"https:\/\/woodattic.com\/index.php\/2021\/11\/08\/mariage-de-marine-david\/\" target=\"_self\" rel=\"bookmark noopener noreferrer\"><img width=\"800\" height=\"300\" src=\"https:\/\/woodattic.com\/wp-content\/uploads\/2021\/11\/Couronne-800x300.jpg\" class=\"attachment-roseta-featured-half size-roseta-featured-half\" alt=\"couronne de gypsophile\" loading=\"lazy\" \/>\t\t\t\t<\/a>\n\t\t\t<\/div>\n\t\t\t\t\t\t<div class='uagb-post__text'> \n\t\t\t\t<h5 class=\"uagb-post__title\">\n\t\t\t\t\t<a href=\"https:\/\/woodattic.com\/index.php\/2021\/11\/08\/mariage-de-marine-david\/\" target=\"_self\" rel=\"bookmark noopener noreferrer\">Mariage de Marine &#038; David<\/a>\n\t\t\t\t<\/h5>\n\t\t\t<\/div>\n\t\t\t\t\t\t<div class='uagb-post__text'> \n\t\t\t<div class=\"uagb-post-grid-byline\">\n\t\t\t\t\t\t\t<\/div>\n\t\t\t<\/div>\n\t\t\t\t\t\t\t\t<\/div>\n\t\t\t\t\t\t\t\t\t<\/article>\n\t\t\t\t\t\t\t\t<article >\n\t\t\t\t\t\t\t\t\t\t<div class=\"uagb-post__inner-wrap\">\n\t\t\t\t\t\t\t\t\t\t\t\t\t\t\t<div class='uagb-post__image'>\n\t\t\t\t<a href=\"https:\/\/woodattic.com\/index.php\/2021\/11\/08\/mariage-de-laura-sebastien\/\" target=\"_self\" rel=\"bookmark noopener noreferrer\"><img width=\"800\" height=\"300\" src=\"https:\/\/woodattic.com\/wp-content\/uploads\/2021\/11\/Peigne-800x300.jpg\" class=\"attachment-roseta-featured-half size-roseta-featured-half\" alt=\"peigne cheveux d\u00e9tail\" loading=\"lazy\" \/>\t\t\t\t<\/a>\n\t\t\t<\/div>\n\t\t\t\t\t\t<div class='uagb-post__text'> \n\t\t\t\t<h5 class=\"uagb-post__title\">\n\t\t\t\t\t<a href=\"https:\/\/woodattic.com\/index.php\/2021\/11\/08\/mariage-de-laura-sebastien\/\" target=\"_self\" rel=\"bookmark noopener noreferrer\">Mariage de Laura &#038; S\u00e9bastien<\/a>\n\t\t\t\t<\/h5>\n\t\t\t<\/div>\n\t\t\t\t\t\t<div class='uagb-post__text'> \n\t\t\t<div class=\"uagb-post-grid-byline\">\n\t\t\t\t\t\t\t<\/div>\n\t\t\t<\/div>\n\t\t\t\t\t\t\t\t<\/div>\n\t\t\t\t\t\t\t\t\t<\/article>\n\t\t\t\t\t\t\t\t<article >\n\t\t\t\t\t\t\t\t\t\t<div class=\"uagb-post__inner-wrap\">\n\t\t\t\t\t\t\t\t\t\t\t\t\t\t\t<div class='uagb-post__image'>\n\t\t\t\t<a href=\"https:\/\/woodattic.com\/index.php\/2021\/11\/08\/mariage-de-camille-loic\/\" target=\"_self\" rel=\"bookmark noopener noreferrer\"><img width=\"800\" height=\"300\" src=\"https:\/\/woodattic.com\/wp-content\/uploads\/2021\/11\/Bouquets-800x300.jpg\" class=\"attachment-roseta-featured-half size-roseta-featured-half\" alt=\"ruban dentelle\" loading=\"lazy\" \/>\t\t\t\t<\/a>\n\t\t\t<\/div>\n\t\t\t\t\t\t<div class='uagb-post__text'> \n\t\t\t\t<h5 class=\"uagb-post__title\">\n\t\t\t\t\t<a href=\"https:\/\/woodattic.com\/index.php\/2021\/11\/08\/mariage-de-camille-loic\/\" target=\"_self\" rel=\"bookmark noopener noreferrer\">Mariage de Camille &#038; Lo\u00efc<\/a>\n\t\t\t\t<\/h5>\n\t\t\t<\/div>\n\t\t\t\t\t\t<div class='uagb-post__text'> \n\t\t\t<div class=\"uagb-post-grid-byline\">\n\t\t\t\t\t\t\t<\/div>\n\t\t\t<\/div>\n\t\t\t\t\t\t\t\t<\/div>\n\t\t\t\t\t\t\t\t\t<\/article>\n\t\t\t\t\t\t\t\t<article >\n\t\t\t\t\t\t\t\t\t\t<div class=\"uagb-post__inner-wrap\">\n\t\t\t\t\t\t\t\t\t\t\t\t\t\t\t<div class='uagb-post__image'>\n\t\t\t\t<a href=\"https:\/\/woodattic.com\/index.php\/2021\/11\/08\/mariage-de-caroline-clement\/\" target=\"_self\" rel=\"bookmark noopener noreferrer\"><img width=\"800\" height=\"300\" src=\"https:\/\/woodattic.com\/wp-content\/uploads\/2021\/11\/Bouquet-de-pres-800x300.jpg\" class=\"attachment-roseta-featured-half size-roseta-featured-half\" alt=\"splendide\" loading=\"lazy\" \/>\t\t\t\t<\/a>\n\t\t\t<\/div>\n\t\t\t\t\t\t<div class='uagb-post__text'> \n\t\t\t\t<h5 class=\"uagb-post__title\">\n\t\t\t\t\t<a href=\"https:\/\/woodattic.com\/index.php\/2021\/11\/08\/mariage-de-caroline-clement\/\" target=\"_self\" rel=\"bookmark noopener noreferrer\">Mariage de Caroline &#038; Cl\u00e9ment<\/a>\n\t\t\t\t<\/h5>\n\t\t\t<\/div>\n\t\t\t\t\t\t<div class='uagb-post__text'> \n\t\t\t<div class=\"uagb-post-grid-byline\">\n\t\t\t\t\t\t\t<\/div>\n\t\t\t<\/div>\n\t\t\t\t\t\t\t\t<\/div>\n\t\t\t\t\t\t\t\t\t<\/article>\n\t\t\t\t\t\t\t\t<article >\n\t\t\t\t\t\t\t\t\t\t<div class=\"uagb-post__inner-wrap\">\n\t\t\t\t\t\t\t\t\t\t\t\t\t\t\t<div class='uagb-post__image'>\n\t\t\t\t<a href=\"https:\/\/woodattic.com\/index.php\/2021\/11\/05\/mariage-de-noemie-pierre\/\" target=\"_self\" rel=\"bookmark noopener noreferrer\"><img width=\"800\" height=\"300\" src=\"https:\/\/woodattic.com\/wp-content\/uploads\/2021\/11\/Pivoine-orange-800x300.jpg\" class=\"attachment-roseta-featured-half size-roseta-featured-half\" alt=\"astilbe pivoine orange\" loading=\"lazy\" \/>\t\t\t\t<\/a>\n\t\t\t<\/div>\n\t\t\t\t\t\t<div class='uagb-post__text'> \n\t\t\t\t<h5 class=\"uagb-post__title\">\n\t\t\t\t\t<a href=\"https:\/\/woodattic.com\/index.php\/2021\/11\/05\/mariage-de-noemie-pierre\/\" target=\"_self\" rel=\"bookmark noopener noreferrer\">Mariage de No\u00e9mie &#038; Pierre<\/a>\n\t\t\t\t<\/h5>\n\t\t\t<\/div>\n\t\t\t\t\t\t<div class='uagb-post__text'> \n\t\t\t<div class=\"uagb-post-grid-byline\">\n\t\t\t\t\t\t\t<\/div>\n\t\t\t<\/div>\n\t\t\t\t\t\t\t\t<\/div>\n\t\t\t\t\t\t\t\t\t<\/article>\n\t\t\t\t\t\t\t\t<article >\n\t\t\t\t\t\t\t\t\t\t<div class=\"uagb-post__inner-wrap\">\n\t\t\t\t\t\t\t\t\t\t\t\t\t\t\t<div class='uagb-post__image'>\n\t\t\t\t<a href=\"https:\/\/woodattic.com\/index.php\/2021\/11\/05\/mariage-de-cecilia-florent\/\" target=\"_self\" rel=\"bookmark noopener noreferrer\"><img width=\"800\" height=\"300\" src=\"https:\/\/woodattic.com\/wp-content\/uploads\/2021\/11\/La-main-800x300.jpg\" class=\"attachment-roseta-featured-half size-roseta-featured-half\" alt=\"dos nu dentelle\" loading=\"lazy\" \/>\t\t\t\t<\/a>\n\t\t\t<\/div>\n\t\t\t\t\t\t<div class='uagb-post__text'> \n\t\t\t\t<h5 class=\"uagb-post__title\">\n\t\t\t\t\t<a href=\"https:\/\/woodattic.com\/index.php\/2021\/11\/05\/mariage-de-cecilia-florent\/\" target=\"_self\" rel=\"bookmark noopener noreferrer\">Mariage de C\u00e9cilia &#038; Florent<\/a>\n\t\t\t\t<\/h5>\n\t\t\t<\/div>\n\t\t\t\t\t\t<div class='uagb-post__text'> \n\t\t\t<div class=\"uagb-post-grid-byline\">\n\t\t\t\t\t\t\t<\/div>\n\t\t\t<\/div>\n\t\t\t\t\t\t\t\t<\/div>\n\t\t\t\t\t\t\t\t\t<\/article>\n\t\t\t\t\t\t\t\t<article >\n\t\t\t\t\t\t\t\t\t\t<div class=\"uagb-post__inner-wrap\">\n\t\t\t\t\t\t\t\t\t\t\t\t\t\t\t<div class='uagb-post__image'>\n\t\t\t\t<a href=\"https:\/\/woodattic.com\/index.php\/2021\/11\/05\/mariage-de-justine-et-mathieu\/\" target=\"_self\" rel=\"bookmark noopener noreferrer\"><img width=\"800\" height=\"300\" src=\"https:\/\/woodattic.com\/wp-content\/uploads\/2021\/11\/La-ceremonie-800x300.jpg\" class=\"attachment-roseta-featured-half size-roseta-featured-half\" alt=\"l&#039;amour\" loading=\"lazy\" \/>\t\t\t\t<\/a>\n\t\t\t<\/div>\n\t\t\t\t\t\t<div class='uagb-post__text'> \n\t\t\t\t<h5 class=\"uagb-post__title\">\n\t\t\t\t\t<a href=\"https:\/\/woodattic.com\/index.php\/2021\/11\/05\/mariage-de-justine-et-mathieu\/\" target=\"_self\" rel=\"bookmark noopener noreferrer\">Mariage de Justine &#038; Mathieu<\/a>\n\t\t\t\t<\/h5>\n\t\t\t<\/div>\n\t\t\t\t\t\t<div class='uagb-post__text'> \n\t\t\t<div class=\"uagb-post-grid-byline\">\n\t\t\t\t\t\t\t<\/div>\n\t\t\t<\/div>\n\t\t\t\t\t\t\t\t<\/div>\n\t\t\t\t\t\t\t\t\t<\/article>\n\t\t\t\t\t\t\t\t<article >\n\t\t\t\t\t\t\t\t\t\t<div class=\"uagb-post__inner-wrap\">\n\t\t\t\t\t\t\t\t\t\t\t\t\t\t\t<div class='uagb-post__image'>\n\t\t\t\t<a href=\"https:\/\/woodattic.com\/index.php\/2021\/07\/12\/mariage-de-caroline-benjamin\/\" target=\"_self\" rel=\"bookmark noopener noreferrer\"><img width=\"1\" height=\"1\" src=\"https:\/\/woodattic.com\/wp-content\/uploads\/2021\/11\/Les-copines.jpg\" class=\"attachment-roseta-featured-half size-roseta-featured-half\" alt=\"copines\" loading=\"lazy\" \/>\t\t\t\t<\/a>\n\t\t\t<\/div>\n\t\t\t\t\t\t<div class='uagb-post__text'> \n\t\t\t\t<h5 class=\"uagb-post__title\">\n\t\t\t\t\t<a href=\"https:\/\/woodattic.com\/index.php\/2021\/07\/12\/mariage-de-caroline-benjamin\/\" target=\"_self\" rel=\"bookmark noopener noreferrer\">Mariage de Caroline &#038; Benjamin<\/a>\n\t\t\t\t<\/h5>\n\t\t\t<\/div>\n\t\t\t\t\t\t<div class='uagb-post__text'> \n\t\t\t<div class=\"uagb-post-grid-byline\">\n\t\t\t\t\t\t\t<\/div>\n\t\t\t<\/div>\n\t\t\t\t\t\t\t\t<\/div>\n\t\t\t\t\t\t\t\t\t<\/article>\n\t\t\t\t\t\t\t\t<article >\n\t\t\t\t\t\t\t\t\t\t<div class=\"uagb-post__inner-wrap\">\n\t\t\t\t\t\t\t\t\t\t\t\t\t\t\t<div class='uagb-post__image'>\n\t\t\t\t<a href=\"https:\/\/woodattic.com\/index.php\/2021\/07\/12\/mariage-de-manon-valentin\/\" target=\"_self\" rel=\"bookmark noopener noreferrer\"><img width=\"800\" height=\"300\" src=\"https:\/\/woodattic.com\/wp-content\/uploads\/2021\/07\/FB_IMG_1530468008952-800x300.jpg\" class=\"attachment-roseta-featured-half size-roseta-featured-half\" alt=\"\" loading=\"lazy\" \/>\t\t\t\t<\/a>\n\t\t\t<\/div>\n\t\t\t\t\t\t<div class='uagb-post__text'> \n\t\t\t\t<h5 class=\"uagb-post__title\">\n\t\t\t\t\t<a href=\"https:\/\/woodattic.com\/index.php\/2021\/07\/12\/mariage-de-manon-valentin\/\" target=\"_self\" rel=\"bookmark noopener noreferrer\">Mariage de Manon &#038; Valentin<\/a>\n\t\t\t\t<\/h5>\n\t\t\t<\/div>\n\t\t\t\t\t\t<div class='uagb-post__text'> \n\t\t\t<div class=\"uagb-post-grid-byline\">\n\t\t\t\t\t\t\t<\/div>\n\t\t\t<\/div>\n\t\t\t\t\t\t\t\t<\/div>\n\t\t\t\t\t\t\t\t\t<\/article>\n\t\t\t\t\t\t\t\t<article >\n\t\t\t\t\t\t\t\t\t\t<div class=\"uagb-post__inner-wrap\">\n\t\t\t\t\t\t\t\t\t\t\t\t\t\t\t<div class='uagb-post__image'>\n\t\t\t\t<a href=\"https:\/\/woodattic.com\/index.php\/2021\/07\/12\/mariage-dilona-stanislas\/\" target=\"_self\" rel=\"bookmark noopener noreferrer\"><img width=\"299\" height=\"300\" src=\"https:\/\/woodattic.com\/wp-content\/uploads\/2021\/07\/JuliaRapp_mariageIS-8-299x300.jpg\" class=\"attachment-roseta-featured-half size-roseta-featured-half\" alt=\"\" loading=\"lazy\" srcset=\"https:\/\/woodattic.com\/wp-content\/uploads\/2021\/07\/JuliaRapp_mariageIS-8-299x300.jpg 299w, https:\/\/woodattic.com\/wp-content\/uploads\/2021\/07\/JuliaRapp_mariageIS-8-e1637314136626-150x150.jpg 150w\" sizes=\"(max-width: 299px) 100vw, 299px\" \/>\t\t\t\t<\/a>\n\t\t\t<\/div>\n\t\t\t\t\t\t<div class='uagb-post__text'> \n\t\t\t\t<h5 class=\"uagb-post__title\">\n\t\t\t\t\t<a href=\"https:\/\/woodattic.com\/index.php\/2021\/07\/12\/mariage-dilona-stanislas\/\" target=\"_self\" rel=\"bookmark noopener noreferrer\">Mariage d&rsquo;Ilona &#038; Stanislas<\/a>\n\t\t\t\t<\/h5>\n\t\t\t<\/div>\n\t\t\t\t\t\t<div class='uagb-post__text'> \n\t\t\t<div class=\"uagb-post-grid-byline\">\n\t\t\t\t\t\t\t<\/div>\n\t\t\t<\/div>\n\t\t\t\t\t\t\t\t<\/div>\n\t\t\t\t\t\t\t\t\t<\/article>\n\t\t\t\t\t\t\t\t<article >\n\t\t\t\t\t\t\t\t\t\t<div class=\"uagb-post__inner-wrap\">\n\t\t\t\t\t\t\t\t\t\t\t\t\t\t\t<div class='uagb-post__image'>\n\t\t\t\t<a href=\"https:\/\/woodattic.com\/index.php\/2021\/07\/12\/mariage-de-lucie-arnaud\/\" target=\"_self\" rel=\"bookmark noopener noreferrer\"><img width=\"800\" height=\"300\" src=\"https:\/\/woodattic.com\/wp-content\/uploads\/2021\/07\/Bouquet-de-Lucie-800x300.jpg\" class=\"attachment-roseta-featured-half size-roseta-featured-half\" alt=\"\" loading=\"lazy\" \/>\t\t\t\t<\/a>\n\t\t\t<\/div>\n\t\t\t\t\t\t<div class='uagb-post__text'> \n\t\t\t\t<h5 class=\"uagb-post__title\">\n\t\t\t\t\t<a href=\"https:\/\/woodattic.com\/index.php\/2021\/07\/12\/mariage-de-lucie-arnaud\/\" target=\"_self\" rel=\"bookmark noopener noreferrer\">Mariage de Lucie &#038; Arnaud<\/a>\n\t\t\t\t<\/h5>\n\t\t\t<\/div>\n\t\t\t\t\t\t<div class='uagb-post__text'> \n\t\t\t<div class=\"uagb-post-grid-byline\">\n\t\t\t\t\t\t\t<\/div>\n\t\t\t<\/div>\n\t\t\t\t\t\t\t\t<\/div>\n\t\t\t\t\t\t\t\t\t<\/article>\n\t\t\t\t\t\t\t\t<article >\n\t\t\t\t\t\t\t\t\t\t<div class=\"uagb-post__inner-wrap\">\n\t\t\t\t\t\t\t\t\t\t\t\t\t\t\t<div class='uagb-post__image'>\n\t\t\t\t<a href=\"https:\/\/woodattic.com\/index.php\/2021\/07\/12\/bapteme-detienne\/\" target=\"_self\" rel=\"bookmark noopener noreferrer\"><img width=\"413\" height=\"300\" src=\"https:\/\/woodattic.com\/wp-content\/uploads\/2021\/07\/Bapteme-dEtienne-Arc-en-ciel--413x300.jpg\" class=\"attachment-roseta-featured-half size-roseta-featured-half\" alt=\"\" loading=\"lazy\" \/>\t\t\t\t<\/a>\n\t\t\t<\/div>\n\t\t\t\t\t\t<div class='uagb-post__text'> \n\t\t\t\t<h5 class=\"uagb-post__title\">\n\t\t\t\t\t<a href=\"https:\/\/woodattic.com\/index.php\/2021\/07\/12\/bapteme-detienne\/\" target=\"_self\" rel=\"bookmark noopener noreferrer\">Bapt\u00eame d&rsquo;Etienne<\/a>\n\t\t\t\t<\/h5>\n\t\t\t<\/div>\n\t\t\t\t\t\t<div class='uagb-post__text'> \n\t\t\t<div class=\"uagb-post-grid-byline\">\n\t\t\t\t\t\t\t<\/div>\n\t\t\t<\/div>\n\t\t\t\t\t\t\t\t<\/div>\n\t\t\t\t\t\t\t\t\t<\/article>\n\t\t\t\t\t\t\t\t<article >\n\t\t\t\t\t\t\t\t\t\t<div class=\"uagb-post__inner-wrap\">\n\t\t\t\t\t\t\t\t\t\t\t\t\t\t\t<div class='uagb-post__image'>\n\t\t\t\t<a href=\"https:\/\/woodattic.com\/index.php\/2021\/07\/12\/mariage-de-sarah-herve\/\" target=\"_self\" rel=\"bookmark noopener noreferrer\"><img width=\"448\" height=\"300\" src=\"https:\/\/woodattic.com\/wp-content\/uploads\/2021\/07\/20170922_124833-448x300.jpg\" class=\"attachment-roseta-featured-half size-roseta-featured-half\" alt=\"\" loading=\"lazy\" \/>\t\t\t\t<\/a>\n\t\t\t<\/div>\n\t\t\t\t\t\t<div class='uagb-post__text'> \n\t\t\t\t<h5 class=\"uagb-post__title\">\n\t\t\t\t\t<a href=\"https:\/\/woodattic.com\/index.php\/2021\/07\/12\/mariage-de-sarah-herve\/\" target=\"_self\" rel=\"bookmark noopener noreferrer\">Mariage de Sarah &#038; Herv\u00e9<\/a>\n\t\t\t\t<\/h5>\n\t\t\t<\/div>\n\t\t\t\t\t\t<div class='uagb-post__text'> \n\t\t\t<div class=\"uagb-post-grid-byline\">\n\t\t\t\t\t\t\t<\/div>\n\t\t\t<\/div>\n\t\t\t\t\t\t\t\t<\/div>\n\t\t\t\t\t\t\t\t\t<\/article>\n\t\t\t\t\t\t\t\t<article >\n\t\t\t\t\t\t\t\t\t\t<div class=\"uagb-post__inner-wrap\">\n\t\t\t\t\t\t\t\t\t\t\t\t\t\t\t<div class='uagb-post__image'>\n\t\t\t\t<a href=\"https:\/\/woodattic.com\/index.php\/2021\/07\/12\/mariage-de-patricia-manuel\/\" target=\"_self\" rel=\"bookmark noopener noreferrer\"><img width=\"336\" height=\"300\" src=\"https:\/\/woodattic.com\/wp-content\/uploads\/2021\/07\/20170708_095433-e1542364356319-336x300.jpg\" class=\"attachment-roseta-featured-half size-roseta-featured-half\" alt=\"\" loading=\"lazy\" \/>\t\t\t\t<\/a>\n\t\t\t<\/div>\n\t\t\t\t\t\t<div class='uagb-post__text'> \n\t\t\t\t<h5 class=\"uagb-post__title\">\n\t\t\t\t\t<a href=\"https:\/\/woodattic.com\/index.php\/2021\/07\/12\/mariage-de-patricia-manuel\/\" target=\"_self\" rel=\"bookmark noopener noreferrer\">Mariage de Patricia &#038; Manuel<\/a>\n\t\t\t\t<\/h5>\n\t\t\t<\/div>\n\t\t\t\t\t\t<div class='uagb-post__text'> \n\t\t\t<div class=\"uagb-post-grid-byline\">\n\t\t\t\t\t\t\t<\/div>\n\t\t\t<\/div>\n\t\t\t\t\t\t\t\t<\/div>\n\t\t\t\t\t\t\t\t\t<\/article>\n\t\t\t\t\t\t\t\t<\/div>\n\t\t\t\t\t\t\t<\/div>\n\t\t\t\n\n\n<p class=\"has-text-align-center\">Wood Attic vous accompagne dans le fleurissement de tous les \u00e9v\u00e9nements de votre vie : mariage, PACS, bapt\u00eame, communion ou d\u00eener de f\u00eate.<\/p>\n\n\n\n<p class=\"has-text-align-center\">Parlez nous de votre projet, nous r\u00e9aliserons pour vous la d\u00e9coration florale qui vous ressemble.<\/p>\n\n\n\n<p class=\"has-text-align-center\">Contactez nous au&nbsp;<a href=\"tel:0619966580\">06 19 96 65 80<\/a>.<\/p>\n","protected":false},"excerpt":{"rendered":"<p>Wood Attic vous accompagne dans le fleurissement de tous les \u00e9v\u00e9nements de votre vie : mariage, PACS, bapt\u00eame, communion ou d\u00eener de f\u00eate. Parlez nous de votre projet, nous r\u00e9aliserons pour vous la d\u00e9coration florale qui vous ressemble. Contactez nous au&nbsp;06 19 96 65 80.<\/p>\n","protected":false},"author":1,"featured_media":0,"parent":0,"menu_order":0,"comment_status":"closed","ping_status":"closed","template":"","meta":[],"uagb_featured_image_src":{"full":false,"thumbnail":false,"medium":false,"medium_large":false,"large":false,"1536x1536":false,"2048x2048":false,"post-thumbnail":false,"roseta-featured":false,"roseta-featured-lp":false,"roseta-featured-half":false,"roseta-featured-third":false,"roseta-lpbox-1":false,"roseta-lpbox-2":false},"uagb_author_info":{"display_name":"admin8109","author_link":"https:\/\/woodattic.com\/index.php\/author\/admin8109\/"},"uagb_comment_info":0,"uagb_excerpt":"Wood Attic vous accompagne dans le fleurissement de tous les \u00e9v\u00e9nements de votre vie : mariage, PACS, bapt\u00eame, communion ou d\u00eener de f\u00eate. Parlez nous de votre projet, nous r\u00e9aliserons pour vous la d\u00e9coration florale qui vous ressemble. Contactez nous au&nbsp;06 19 96 65 80.","_links":{"self":[{"href":"https:\/\/woodattic.com\/index.php\/wp-json\/wp\/v2\/pages\/7"}],"collection":[{"href":"https:\/\/woodattic.com\/index.php\/wp-json\/wp\/v2\/pages"}],"about":[{"href":"https:\/\/woodattic.com\/index.php\/wp-json\/wp\/v2\/types\/page"}],"author":[{"embeddable":true,"href":"https:\/\/woodattic.com\/index.php\/wp-json\/wp\/v2\/users\/1"}],"replies":[{"embeddable":true,"href":"https:\/\/woodattic.com\/index.php\/wp-json\/wp\/v2\/comments?post=7"}],"version-history":[{"count":18,"href":"https:\/\/woodattic.com\/index.php\/wp-json\/wp\/v2\/pages\/7\/revisions"}],"predecessor-version":[{"id":652,"href":"https:\/\/woodattic.com\/index.php\/wp-json\/wp\/v2\/pages\/7\/revisions\/652"}],"wp:attachment":[{"href":"https:\/\/woodattic.com\/index.php\/wp-json\/wp\/v2\/media?parent=7"}],"curies":[{"name":"wp","href":"https:\/\/api.w.org\/{rel}","templated":true}]}}