{"id":5,"date":"2021-07-12T12:57:06","date_gmt":"2021-07-12T10:57:06","guid":{"rendered":"https:\/\/woodattic.com\/?page_id=5"},"modified":"2021-11-19T14:34:33","modified_gmt":"2021-11-19T13:34:33","slug":"bienvenue","status":"publish","type":"page","link":"https:\/\/woodattic.com\/","title":{"rendered":"Bienvenue"},"content":{"rendered":"\n<div class=\"wp-block-image\"><figure class=\"aligncenter size-large\"><img loading=\"lazy\" width=\"1024\" height=\"768\" src=\"https:\/\/woodattic.com\/wp-content\/uploads\/2021\/11\/Bienvenue-1024x768.jpg\" alt=\"convivialit\u00e9\" class=\"wp-image-668\" srcset=\"https:\/\/woodattic.com\/wp-content\/uploads\/2021\/11\/Bienvenue-1024x768.jpg 1024w, https:\/\/woodattic.com\/wp-content\/uploads\/2021\/11\/Bienvenue-300x225.jpg 300w, https:\/\/woodattic.com\/wp-content\/uploads\/2021\/11\/Bienvenue-768x576.jpg 768w, https:\/\/woodattic.com\/wp-content\/uploads\/2021\/11\/Bienvenue-1536x1152.jpg 1536w, https:\/\/woodattic.com\/wp-content\/uploads\/2021\/11\/Bienvenue-2048x1536.jpg 2048w, https:\/\/woodattic.com\/wp-content\/uploads\/2021\/11\/Bienvenue-400x300.jpg 400w\" sizes=\"(max-width: 1024px) 100vw, 1024px\" \/><\/figure><\/div>\n\n\n\n<p>Nich\u00e9 au c\u0153ur des Weppes, votre artisan fleuriste imagine pour vous des cr\u00e9ations florales sur mesure.<\/p>\n\n\n\n<p>Parce que les v\u00e9g\u00e9taux mettent en valeur vos lieux de r\u00e9ception et d&rsquo;accueil, nous proposons aux professionnels des abonnements sur mesure.<\/p>\n\n\n\n<p>Et pour que votre mariage soit le plus beau jour de votre vie, nous composons des arrangements floraux qui vous ressemblent.<\/p>\n","protected":false},"excerpt":{"rendered":"<p>Nich\u00e9 au c\u0153ur des Weppes, votre artisan fleuriste imagine pour vous des cr\u00e9ations florales sur mesure. Parce que les v\u00e9g\u00e9taux mettent en valeur vos lieux de r\u00e9ception et d&rsquo;accueil, nous proposons aux professionnels des abonnements sur mesure. Et pour que votre mariage soit le plus beau jour de votre vie, &hellip;<\/p>\n","protected":false},"author":1,"featured_media":0,"parent":0,"menu_order":0,"comment_status":"closed","ping_status":"closed","template":"","meta":[],"uagb_featured_image_src":{"full":false,"thumbnail":false,"medium":false,"medium_large":false,"large":false,"1536x1536":false,"2048x2048":false,"post-thumbnail":false,"roseta-featured":false,"roseta-featured-lp":false,"roseta-featured-half":false,"roseta-featured-third":false,"roseta-lpbox-1":false,"roseta-lpbox-2":false},"uagb_author_info":{"display_name":"admin8109","author_link":"https:\/\/woodattic.com\/index.php\/author\/admin8109\/"},"uagb_comment_info":0,"uagb_excerpt":"Nich\u00e9 au c\u0153ur des Weppes, votre artisan fleuriste imagine pour vous des cr\u00e9ations florales sur mesure. Parce que les v\u00e9g\u00e9taux mettent en valeur vos lieux de r\u00e9ception et d&rsquo;accueil, nous proposons aux professionnels des abonnements sur mesure. Et pour que votre mariage soit le plus beau jour de votre vie, &hellip;","_links":{"self":[{"href":"https:\/\/woodattic.com\/index.php\/wp-json\/wp\/v2\/pages\/5"}],"collection":[{"href":"https:\/\/woodattic.com\/index.php\/wp-json\/wp\/v2\/pages"}],"about":[{"href":"https:\/\/woodattic.com\/index.php\/wp-json\/wp\/v2\/types\/page"}],"author":[{"embeddable":true,"href":"https:\/\/woodattic.com\/index.php\/wp-json\/wp\/v2\/users\/1"}],"replies":[{"embeddable":true,"href":"https:\/\/woodattic.com\/index.php\/wp-json\/wp\/v2\/comments?post=5"}],"version-history":[{"count":3,"href":"https:\/\/woodattic.com\/index.php\/wp-json\/wp\/v2\/pages\/5\/revisions"}],"predecessor-version":[{"id":669,"href":"https:\/\/woodattic.com\/index.php\/wp-json\/wp\/v2\/pages\/5\/revisions\/669"}],"wp:attachment":[{"href":"https:\/\/woodattic.com\/index.php\/wp-json\/wp\/v2\/media?parent=5"}],"curies":[{"name":"wp","href":"https:\/\/api.w.org\/{rel}","templated":true}]}}